{"id":4365,"date":"2025-09-16T11:27:37","date_gmt":"2025-09-16T16:27:37","guid":{"rendered":"https:\/\/leguzmentoring.com\/?post_type=product&#038;p=4365"},"modified":"2025-11-24T10:41:10","modified_gmt":"2025-11-24T15:41:10","slug":"katapulta-basico","status":"publish","type":"product","link":"https:\/\/leguzmentoring.com\/en\/product\/katapulta-basico\/","title":{"rendered":"Katapulta &#8211; B\u00e1sico"},"content":{"rendered":"<ul>\n<li>Formulario online para iniciar tu proceso.<\/li>\n<li>Evaluaci\u00f3n VALORA-T\u00ae con retroalimentaci\u00f3n autom\u00e1tica.<\/li>\n<li>Informe digital de fortalezas y estilo de personalidad (48h h\u00e1biles).<\/li>\n<\/ul>","protected":false},"excerpt":{"rendered":"<p>Formulario online para iniciar tu proceso. Evaluaci\u00f3n VALORA-T\u00ae con retroalimentaci\u00f3n autom\u00e1tica. Informe digital de fortalezas y estilo de personalidad (48h h\u00e1biles).<\/p>","protected":false},"featured_media":8086,"comment_status":"closed","ping_status":"closed","template":"","meta":[],"product_brand":[],"product_cat":[17],"product_tag":[],"class_list":{"0":"post-4365","1":"product","2":"type-product","3":"status-publish","4":"has-post-thumbnail","6":"product_cat-soluciones-katapulta","8":"first","9":"instock","10":"virtual","11":"taxable","12":"purchasable","13":"product-type-simple"},"yoast_head":"<!-- This site is optimized with the Yoast SEO plugin v27.4 - https:\/\/yoast.com\/product\/yoast-seo-wordpress\/ -->\n<title>Katapulta - B\u00e1sico - Leguz Corporation<\/title>\n<meta name=\"robots\" content=\"noindex, nofollow\" \/>\n<meta property=\"og:locale\" content=\"en_US\" \/>\n<meta property=\"og:type\" content=\"article\" \/>\n<meta property=\"og:title\" content=\"Katapulta - B\u00e1sico - Leguz Corporation\" \/>\n<meta property=\"og:description\" content=\"Formulario online para iniciar tu proceso. Evaluaci\u00f3n VALORA-T\u00ae con retroalimentaci\u00f3n autom\u00e1tica. Informe digital de fortalezas y estilo de personalidad (48h h\u00e1biles).\" \/>\n<meta property=\"og:url\" content=\"https:\/\/leguzmentoring.com\/en\/product\/katapulta-basico\/\" \/>\n<meta property=\"og:site_name\" content=\"Leguz Corporation\" \/>\n<meta property=\"article:modified_time\" content=\"2025-11-24T15:41:10+00:00\" \/>\n<meta property=\"og:image\" content=\"https:\/\/leguzmentoring.com\/wp-content\/uploads\/2025\/10\/KATAPULTA-BASICO-09.webp\" \/>\n\t<meta property=\"og:image:width\" content=\"1080\" \/>\n\t<meta property=\"og:image:height\" content=\"1080\" \/>\n\t<meta property=\"og:image:type\" content=\"image\/webp\" \/>\n<meta name=\"twitter:card\" content=\"summary_large_image\" \/>\n<meta name=\"twitter:label1\" content=\"Est. reading time\" \/>\n\t<meta name=\"twitter:data1\" content=\"1 minute\" \/>\n<script type=\"application\/ld+json\" class=\"yoast-schema-graph\">{\"@context\":\"https:\\\/\\\/schema.org\",\"@graph\":[{\"@type\":\"WebPage\",\"@id\":\"https:\\\/\\\/leguzmentoring.com\\\/producto\\\/katapulta-basico\\\/\",\"url\":\"https:\\\/\\\/leguzmentoring.com\\\/producto\\\/katapulta-basico\\\/\",\"name\":\"Katapulta - B\u00e1sico - Leguz Corporation\",\"isPartOf\":{\"@id\":\"https:\\\/\\\/leguzmentoring.com\\\/#website\"},\"primaryImageOfPage\":{\"@id\":\"https:\\\/\\\/leguzmentoring.com\\\/producto\\\/katapulta-basico\\\/#primaryimage\"},\"image\":{\"@id\":\"https:\\\/\\\/leguzmentoring.com\\\/producto\\\/katapulta-basico\\\/#primaryimage\"},\"thumbnailUrl\":\"https:\\\/\\\/leguzmentoring.com\\\/wp-content\\\/uploads\\\/2025\\\/10\\\/KATAPULTA-BASICO-09.webp\",\"datePublished\":\"2025-09-16T16:27:37+00:00\",\"dateModified\":\"2025-11-24T15:41:10+00:00\",\"breadcrumb\":{\"@id\":\"https:\\\/\\\/leguzmentoring.com\\\/producto\\\/katapulta-basico\\\/#breadcrumb\"},\"inLanguage\":\"en-US\",\"potentialAction\":[{\"@type\":\"ReadAction\",\"target\":[\"https:\\\/\\\/leguzmentoring.com\\\/producto\\\/katapulta-basico\\\/\"]}]},{\"@type\":\"ImageObject\",\"inLanguage\":\"en-US\",\"@id\":\"https:\\\/\\\/leguzmentoring.com\\\/producto\\\/katapulta-basico\\\/#primaryimage\",\"url\":\"https:\\\/\\\/leguzmentoring.com\\\/wp-content\\\/uploads\\\/2025\\\/10\\\/KATAPULTA-BASICO-09.webp\",\"contentUrl\":\"https:\\\/\\\/leguzmentoring.com\\\/wp-content\\\/uploads\\\/2025\\\/10\\\/KATAPULTA-BASICO-09.webp\",\"width\":1080,\"height\":1080},{\"@type\":\"BreadcrumbList\",\"@id\":\"https:\\\/\\\/leguzmentoring.com\\\/producto\\\/katapulta-basico\\\/#breadcrumb\",\"itemListElement\":[{\"@type\":\"ListItem\",\"position\":1,\"name\":\"Portada\",\"item\":\"https:\\\/\\\/leguzmentoring.com\\\/\"},{\"@type\":\"ListItem\",\"position\":2,\"name\":\"Productos Leguz\",\"item\":\"https:\\\/\\\/leguzmentoring.com\\\/tienda\\\/\"},{\"@type\":\"ListItem\",\"position\":3,\"name\":\"Katapulta &#8211; B\u00e1sico\"}]},{\"@type\":\"WebSite\",\"@id\":\"https:\\\/\\\/leguzmentoring.com\\\/#website\",\"url\":\"https:\\\/\\\/leguzmentoring.com\\\/\",\"name\":\"Leguz Corporation\",\"description\":\"\",\"publisher\":{\"@id\":\"https:\\\/\\\/leguzmentoring.com\\\/#organization\"},\"potentialAction\":[{\"@type\":\"SearchAction\",\"target\":{\"@type\":\"EntryPoint\",\"urlTemplate\":\"https:\\\/\\\/leguzmentoring.com\\\/?s={search_term_string}\"},\"query-input\":{\"@type\":\"PropertyValueSpecification\",\"valueRequired\":true,\"valueName\":\"search_term_string\"}}],\"inLanguage\":\"en-US\"},{\"@type\":\"Organization\",\"@id\":\"https:\\\/\\\/leguzmentoring.com\\\/#organization\",\"name\":\"Leguz Corporation\",\"url\":\"https:\\\/\\\/leguzmentoring.com\\\/\",\"logo\":{\"@type\":\"ImageObject\",\"inLanguage\":\"en-US\",\"@id\":\"https:\\\/\\\/leguzmentoring.com\\\/#\\\/schema\\\/logo\\\/image\\\/\",\"url\":\"https:\\\/\\\/leguzmentoring.com\\\/wp-content\\\/uploads\\\/2025\\\/07\\\/cropped-ICONO-CIRCULO.png\",\"contentUrl\":\"https:\\\/\\\/leguzmentoring.com\\\/wp-content\\\/uploads\\\/2025\\\/07\\\/cropped-ICONO-CIRCULO.png\",\"width\":512,\"height\":512,\"caption\":\"Leguz Corporation\"},\"image\":{\"@id\":\"https:\\\/\\\/leguzmentoring.com\\\/#\\\/schema\\\/logo\\\/image\\\/\"}}]}<\/script>\n<!-- \/ Yoast SEO plugin. -->","yoast_head_json":{"title":"Katapulta - B\u00e1sico - Leguz Corporation","robots":{"index":"noindex","follow":"nofollow"},"og_locale":"en_US","og_type":"article","og_title":"Katapulta - B\u00e1sico - Leguz Corporation","og_description":"Formulario online para iniciar tu proceso. Evaluaci\u00f3n VALORA-T\u00ae con retroalimentaci\u00f3n autom\u00e1tica. Informe digital de fortalezas y estilo de personalidad (48h h\u00e1biles).","og_url":"https:\/\/leguzmentoring.com\/en\/product\/katapulta-basico\/","og_site_name":"Leguz Corporation","article_modified_time":"2025-11-24T15:41:10+00:00","og_image":[{"width":1080,"height":1080,"url":"https:\/\/leguzmentoring.com\/wp-content\/uploads\/2025\/10\/KATAPULTA-BASICO-09.webp","type":"image\/webp"}],"twitter_card":"summary_large_image","twitter_misc":{"Est. reading time":"1 minute"},"schema":{"@context":"https:\/\/schema.org","@graph":[{"@type":"WebPage","@id":"https:\/\/leguzmentoring.com\/producto\/katapulta-basico\/","url":"https:\/\/leguzmentoring.com\/producto\/katapulta-basico\/","name":"Katapulta - B\u00e1sico - Leguz Corporation","isPartOf":{"@id":"https:\/\/leguzmentoring.com\/#website"},"primaryImageOfPage":{"@id":"https:\/\/leguzmentoring.com\/producto\/katapulta-basico\/#primaryimage"},"image":{"@id":"https:\/\/leguzmentoring.com\/producto\/katapulta-basico\/#primaryimage"},"thumbnailUrl":"https:\/\/leguzmentoring.com\/wp-content\/uploads\/2025\/10\/KATAPULTA-BASICO-09.webp","datePublished":"2025-09-16T16:27:37+00:00","dateModified":"2025-11-24T15:41:10+00:00","breadcrumb":{"@id":"https:\/\/leguzmentoring.com\/producto\/katapulta-basico\/#breadcrumb"},"inLanguage":"en-US","potentialAction":[{"@type":"ReadAction","target":["https:\/\/leguzmentoring.com\/producto\/katapulta-basico\/"]}]},{"@type":"ImageObject","inLanguage":"en-US","@id":"https:\/\/leguzmentoring.com\/producto\/katapulta-basico\/#primaryimage","url":"https:\/\/leguzmentoring.com\/wp-content\/uploads\/2025\/10\/KATAPULTA-BASICO-09.webp","contentUrl":"https:\/\/leguzmentoring.com\/wp-content\/uploads\/2025\/10\/KATAPULTA-BASICO-09.webp","width":1080,"height":1080},{"@type":"BreadcrumbList","@id":"https:\/\/leguzmentoring.com\/producto\/katapulta-basico\/#breadcrumb","itemListElement":[{"@type":"ListItem","position":1,"name":"Portada","item":"https:\/\/leguzmentoring.com\/"},{"@type":"ListItem","position":2,"name":"Productos Leguz","item":"https:\/\/leguzmentoring.com\/tienda\/"},{"@type":"ListItem","position":3,"name":"Katapulta &#8211; B\u00e1sico"}]},{"@type":"WebSite","@id":"https:\/\/leguzmentoring.com\/#website","url":"https:\/\/leguzmentoring.com\/","name":"Leguz Corporation","description":"","publisher":{"@id":"https:\/\/leguzmentoring.com\/#organization"},"potentialAction":[{"@type":"SearchAction","target":{"@type":"EntryPoint","urlTemplate":"https:\/\/leguzmentoring.com\/?s={search_term_string}"},"query-input":{"@type":"PropertyValueSpecification","valueRequired":true,"valueName":"search_term_string"}}],"inLanguage":"en-US"},{"@type":"Organization","@id":"https:\/\/leguzmentoring.com\/#organization","name":"Leguz Corporation","url":"https:\/\/leguzmentoring.com\/","logo":{"@type":"ImageObject","inLanguage":"en-US","@id":"https:\/\/leguzmentoring.com\/#\/schema\/logo\/image\/","url":"https:\/\/leguzmentoring.com\/wp-content\/uploads\/2025\/07\/cropped-ICONO-CIRCULO.png","contentUrl":"https:\/\/leguzmentoring.com\/wp-content\/uploads\/2025\/07\/cropped-ICONO-CIRCULO.png","width":512,"height":512,"caption":"Leguz Corporation"},"image":{"@id":"https:\/\/leguzmentoring.com\/#\/schema\/logo\/image\/"}}]}},"_links":{"self":[{"href":"https:\/\/leguzmentoring.com\/en\/wp-json\/wp\/v2\/product\/4365","targetHints":{"allow":["GET"]}}],"collection":[{"href":"https:\/\/leguzmentoring.com\/en\/wp-json\/wp\/v2\/product"}],"about":[{"href":"https:\/\/leguzmentoring.com\/en\/wp-json\/wp\/v2\/types\/product"}],"replies":[{"embeddable":true,"href":"https:\/\/leguzmentoring.com\/en\/wp-json\/wp\/v2\/comments?post=4365"}],"wp:featuredmedia":[{"embeddable":true,"href":"https:\/\/leguzmentoring.com\/en\/wp-json\/wp\/v2\/media\/8086"}],"wp:attachment":[{"href":"https:\/\/leguzmentoring.com\/en\/wp-json\/wp\/v2\/media?parent=4365"}],"wp:term":[{"taxonomy":"product_brand","embeddable":true,"href":"https:\/\/leguzmentoring.com\/en\/wp-json\/wp\/v2\/product_brand?post=4365"},{"taxonomy":"product_cat","embeddable":true,"href":"https:\/\/leguzmentoring.com\/en\/wp-json\/wp\/v2\/product_cat?post=4365"},{"taxonomy":"product_tag","embeddable":true,"href":"https:\/\/leguzmentoring.com\/en\/wp-json\/wp\/v2\/product_tag?post=4365"}],"curies":[{"name":"wp","href":"https:\/\/api.w.org\/{rel}","templated":true}]}}