{"id":663,"date":"2024-05-24T02:17:10","date_gmt":"2024-05-24T02:17:10","guid":{"rendered":"https:\/\/gaviaspreview.com\/wp\/consilox\/?page_id=18"},"modified":"2025-12-09T11:58:33","modified_gmt":"2025-12-09T16:58:33","slug":"contactenos","status":"publish","type":"page","link":"https:\/\/leguzmentoring.com\/en\/contactenos\/","title":{"rendered":"Contact Us"},"content":{"rendered":"<div data-elementor-type=\"wp-page\" data-elementor-id=\"663\" class=\"elementor elementor-663\" data-elementor-post-type=\"page\">\n\t\t\t\t<div class=\"elementor-element elementor-element-1a37d72 e-con-full e-flex e-con e-parent\" data-id=\"1a37d72\" data-element_type=\"container\" data-e-type=\"container\" data-settings=\"{&quot;background_background&quot;:&quot;classic&quot;}\">\n\t\t<div class=\"elementor-element elementor-element-8bd681e e-con-full e-flex e-con e-child\" data-id=\"8bd681e\" data-element_type=\"container\" data-e-type=\"container\">\n\t\t\t\t<div class=\"elementor-element elementor-element-8a22d83 elementor-widget elementor-widget-gva-heading-block\" data-id=\"8a22d83\" data-element_type=\"widget\" data-e-type=\"widget\" data-widget_type=\"gva-heading-block.default\">\n\t\t\t\t<div class=\"elementor-widget-container\">\n\t\t\t\t\t<div class=\"gva-element-gva-heading-block gva-element\">   <div class=\"align-center style-1 widget gsc-heading box-align-left auto-responsive\">\r\n      <div class=\"content-inner\">\r\n         \r\n                  \r\n           \r\n         \r\n                     <h2 class=\"title\">\r\n               <span>CONT\u00c1CTANOS<\/span>\r\n            <\/h2>\r\n                  \r\n         \r\n         \r\n      <\/div>\r\n   <\/div>\r\n<\/div>\t\t\t\t<\/div>\n\t\t\t\t<\/div>\n\t\t\t\t<\/div>\n\t\t\t\t<\/div>\n\t\t<div class=\"elementor-element elementor-element-393cdecf e-flex e-con-boxed e-con e-parent\" data-id=\"393cdecf\" data-element_type=\"container\" data-e-type=\"container\" data-settings=\"{&quot;background_background&quot;:&quot;classic&quot;}\">\n\t\t\t\t\t<div class=\"e-con-inner\">\n\t\t<div class=\"elementor-element elementor-element-26b0df65 e-con-full e-flex e-con e-child\" data-id=\"26b0df65\" data-element_type=\"container\" data-e-type=\"container\">\n\t\t\t\t<div class=\"elementor-element elementor-element-1fbf81a animated-fast elementor-invisible elementor-widget elementor-widget-text-editor\" data-id=\"1fbf81a\" data-element_type=\"widget\" data-e-type=\"widget\" data-settings=\"{&quot;_animation&quot;:&quot;fadeInRight&quot;}\" data-widget_type=\"text-editor.default\">\n\t\t\t\t<div class=\"elementor-widget-container\">\n\t\t\t\t\t\t\t\t\t<p>\u00a0<br \/><img decoding=\"async\" class=\"alignleft wp-image-7445 size-full\" src=\"https:\/\/leguzmentoring.com\/wp-content\/uploads\/2025\/10\/LOGO-5.png\" alt=\"Leguz Corporation\" width=\"165\" height=\"60\" srcset=\"https:\/\/leguzmentoring.com\/wp-content\/uploads\/2025\/10\/LOGO-5.png 411w, https:\/\/leguzmentoring.com\/wp-content\/uploads\/2025\/10\/LOGO-5-18x7.png 18w\" sizes=\"(max-width: 165px) 100vw, 165px\" \/>\u00a0<\/p><p>\u00a0<\/p><p style=\"text-align: center;\">\n<div class=\"wpcf7 no-js\" id=\"wpcf7-f1144-o1\" lang=\"es-ES\" dir=\"ltr\" data-wpcf7-id=\"1144\">\n<div class=\"screen-reader-response\"><p role=\"status\" aria-live=\"polite\" aria-atomic=\"true\"><\/p> <ul><\/ul><\/div>\n<form action=\"\/en\/wp-json\/wp\/v2\/pages\/663#wpcf7-f1144-o1\" method=\"post\" class=\"wpcf7-form init\" aria-label=\"Contact form\" novalidate=\"novalidate\" data-status=\"init\" data-trp-original-action=\"\/en\/wp-json\/wp\/v2\/pages\/663#wpcf7-f1144-o1\">\n<fieldset class=\"hidden-fields-container\"><input type=\"hidden\" name=\"_wpcf7\" value=\"1144\" \/><input type=\"hidden\" name=\"_wpcf7_version\" value=\"6.1.5\" \/><input type=\"hidden\" name=\"_wpcf7_locale\" value=\"es_ES\" \/><input type=\"hidden\" name=\"_wpcf7_unit_tag\" value=\"wpcf7-f1144-o1\" \/><input type=\"hidden\" name=\"_wpcf7_container_post\" value=\"0\" \/><input type=\"hidden\" name=\"_wpcf7_posted_data_hash\" value=\"\" \/><input type=\"hidden\" name=\"_wpcf7_recaptcha_response\" value=\"\" \/>\n<\/fieldset>\n<label> Tu nombre y apellido\n    <span class=\"wpcf7-form-control-wrap\" data-name=\"your-name\"><input size=\"40\" maxlength=\"400\" class=\"wpcf7-form-control wpcf7-text wpcf7-validates-as-required\" autocomplete=\"name\" aria-required=\"true\" aria-invalid=\"false\" value=\"\" type=\"text\" name=\"your-name\" \/><\/span> <\/label>\n\n<label> Your email\n    <span class=\"wpcf7-form-control-wrap\" data-name=\"your-email\"><input size=\"40\" maxlength=\"400\" class=\"wpcf7-form-control wpcf7-email wpcf7-validates-as-required wpcf7-text wpcf7-validates-as-email\" autocomplete=\"email\" aria-required=\"true\" aria-invalid=\"false\" value=\"\" type=\"email\" name=\"your-email\" \/><\/span> <\/label>\n\n<label> Tu tel\u00e9fono\/whatsapp\n    <span class=\"wpcf7-form-control-wrap\" data-name=\"tel-329\"><input size=\"40\" maxlength=\"400\" class=\"wpcf7-form-control wpcf7-tel wpcf7-validates-as-required wpcf7-text wpcf7-validates-as-tel\" aria-required=\"true\" aria-invalid=\"false\" value=\"\" type=\"tel\" name=\"tel-329\" \/><\/span><\/label>\n\n<label> Your message (optional)\n    <span class=\"wpcf7-form-control-wrap\" data-name=\"your-message\"><textarea cols=\"40\" rows=\"10\" maxlength=\"2000\" class=\"wpcf7-form-control wpcf7-textarea\" aria-invalid=\"false\" name=\"your-message\"><\/textarea><\/span> <\/label>\n\n<span class=\"wpcf7-form-control-wrap\" data-name=\"acceptance-735\"><span class=\"wpcf7-form-control wpcf7-acceptance\"><span class=\"wpcf7-list-item\"><label><input type=\"checkbox\" name=\"acceptance-735\" value=\"1\" aria-invalid=\"false\" \/><span class=\"wpcf7-list-item-label\">Al enviar este formulario, aceptas nuestra <a href=\"https:\/\/leguzmentoring.com\/en\/politica-de-privacidad\/\" target=\"_blank\" rel=\"noopener\">Pol\u00edtica de Privacidad<\/a> y el tratamiento de tus datos personales seg\u00fan la Ley Org\u00e1nica de Protecci\u00f3n de Datos Personales del Ecuador.<\/span><\/label><\/span><\/span><\/span>\n\n\n<input class=\"wpcf7-form-control wpcf7-submit has-spinner\" type=\"submit\" value=\"Send\" \/><div class=\"wpcf7-response-output\" aria-hidden=\"true\"><\/div>\n<input type=\"hidden\" name=\"trp-form-language\" value=\"en\"\/><\/form>\n<\/div>\n<\/p>\t\t\t\t\t\t\t\t<\/div>\n\t\t\t\t<\/div>\n\t\t\t\t<\/div>\n\t\t<div class=\"elementor-element elementor-element-4cb0d8fa e-con-full animated-fast e-flex elementor-invisible e-con e-child\" data-id=\"4cb0d8fa\" data-element_type=\"container\" data-e-type=\"container\" data-settings=\"{&quot;animation&quot;:&quot;fadeInUp&quot;,&quot;background_background&quot;:&quot;classic&quot;}\">\n\t\t\t\t<div class=\"elementor-element elementor-element-20e2c34 elementor-widget elementor-widget-spacer\" data-id=\"20e2c34\" data-element_type=\"widget\" data-e-type=\"widget\" data-widget_type=\"spacer.default\">\n\t\t\t\t<div class=\"elementor-widget-container\">\n\t\t\t\t\t\t\t<div class=\"elementor-spacer\">\n\t\t\t<div class=\"elementor-spacer-inner\"><\/div>\n\t\t<\/div>\n\t\t\t\t\t\t<\/div>\n\t\t\t\t<\/div>\n\t\t\t\t<div class=\"elementor-element elementor-element-5ef64cb elementor-widget elementor-widget-gva-heading-block\" data-id=\"5ef64cb\" data-element_type=\"widget\" data-e-type=\"widget\" data-widget_type=\"gva-heading-block.default\">\n\t\t\t\t<div class=\"elementor-widget-container\">\n\t\t\t\t\t<div class=\"gva-element-gva-heading-block gva-element\">   <div class=\"align-left style-1 widget gsc-heading box-align-left auto-responsive\">\r\n      <div class=\"content-inner\">\r\n         \r\n                  \r\n           \r\n         \r\n                     <h2 class=\"title\">\r\n               <span>Cont\u00e1ctanos<\/span>\r\n            <\/h2>\r\n                  \r\n         \r\n         \r\n      <\/div>\r\n   <\/div>\r\n<\/div>\t\t\t\t<\/div>\n\t\t\t\t<\/div>\n\t\t\t\t<div class=\"elementor-element elementor-element-08954e8 elementor-position-left elementor-vertical-align-middle elementor-widget elementor-widget-image-box\" data-id=\"08954e8\" data-element_type=\"widget\" data-e-type=\"widget\" data-widget_type=\"image-box.default\">\n\t\t\t\t<div class=\"elementor-widget-container\">\n\t\t\t\t\t<div class=\"elementor-image-box-wrapper\"><figure class=\"elementor-image-box-img\"><img decoding=\"async\" width=\"60\" height=\"60\" src=\"https:\/\/leguzmentoring.com\/wp-content\/uploads\/2025\/10\/ICON-LEGUZ-1.png\" class=\"attachment-full size-full wp-image-7433\" alt=\"\" srcset=\"https:\/\/leguzmentoring.com\/wp-content\/uploads\/2025\/10\/ICON-LEGUZ-1.png 60w, https:\/\/leguzmentoring.com\/wp-content\/uploads\/2025\/10\/ICON-LEGUZ-1-12x12.png 12w\" sizes=\"(max-width: 60px) 100vw, 60px\" \/><\/figure><div class=\"elementor-image-box-content\"><h3 class=\"elementor-image-box-title\">Phone<\/h3><p class=\"elementor-image-box-description\">+593 9 390 90 730\n<\/p><\/div><\/div>\t\t\t\t<\/div>\n\t\t\t\t<\/div>\n\t\t\t\t<div class=\"elementor-element elementor-element-74bff11 elementor-position-left elementor-vertical-align-middle elementor-widget elementor-widget-image-box\" data-id=\"74bff11\" data-element_type=\"widget\" data-e-type=\"widget\" data-widget_type=\"image-box.default\">\n\t\t\t\t<div class=\"elementor-widget-container\">\n\t\t\t\t\t<div class=\"elementor-image-box-wrapper\"><figure class=\"elementor-image-box-img\"><img decoding=\"async\" width=\"60\" height=\"60\" src=\"https:\/\/leguzmentoring.com\/wp-content\/uploads\/2025\/10\/ICON-LEGUZ-2.png\" class=\"attachment-full size-full wp-image-7451\" alt=\"\" srcset=\"https:\/\/leguzmentoring.com\/wp-content\/uploads\/2025\/10\/ICON-LEGUZ-2.png 60w, https:\/\/leguzmentoring.com\/wp-content\/uploads\/2025\/10\/ICON-LEGUZ-2-12x12.png 12w\" sizes=\"(max-width: 60px) 100vw, 60px\" \/><\/figure><div class=\"elementor-image-box-content\"><h3 class=\"elementor-image-box-title\">Email<\/h3><p class=\"elementor-image-box-description\">info@leguzcorp.com<\/p><\/div><\/div>\t\t\t\t<\/div>\n\t\t\t\t<\/div>\n\t\t\t\t<div class=\"elementor-element elementor-element-824b0fd elementor-position-left elementor-vertical-align-middle elementor-widget elementor-widget-image-box\" data-id=\"824b0fd\" data-element_type=\"widget\" data-e-type=\"widget\" data-widget_type=\"image-box.default\">\n\t\t\t\t<div class=\"elementor-widget-container\">\n\t\t\t\t\t<div class=\"elementor-image-box-wrapper\"><figure class=\"elementor-image-box-img\"><img loading=\"lazy\" decoding=\"async\" width=\"60\" height=\"60\" src=\"https:\/\/leguzmentoring.com\/wp-content\/uploads\/2025\/10\/ICON-LEGUZ-3.png\" class=\"attachment-full size-full wp-image-7434\" alt=\"\" srcset=\"https:\/\/leguzmentoring.com\/wp-content\/uploads\/2025\/10\/ICON-LEGUZ-3.png 60w, https:\/\/leguzmentoring.com\/wp-content\/uploads\/2025\/10\/ICON-LEGUZ-3-12x12.png 12w\" sizes=\"(max-width: 60px) 100vw, 60px\" \/><\/figure><div class=\"elementor-image-box-content\"><h3 class=\"elementor-image-box-title\">Address<\/h3><p class=\"elementor-image-box-description\">V\u00eda a la costa, Km.  9.8, ET 1X- MZ. 3588 -SL01, Guayas, Guayaquil, Chong\u00f3n.<\/p><\/div><\/div>\t\t\t\t<\/div>\n\t\t\t\t<\/div>\n\t\t\t\t<\/div>\n\t\t\t\t\t<\/div>\n\t\t\t\t<\/div>\n\t\t<div class=\"elementor-element elementor-element-6199d770 e-flex e-con-boxed e-con e-parent\" data-id=\"6199d770\" data-element_type=\"container\" data-e-type=\"container\">\n\t\t\t\t\t<div class=\"e-con-inner\">\n\t\t<div class=\"elementor-element elementor-element-12eabe8 e-con-full e-flex e-con e-child\" data-id=\"12eabe8\" data-element_type=\"container\" data-e-type=\"container\">\n\t\t\t\t<div class=\"elementor-element elementor-element-39274e29 elementor-widget__width-initial elementor-hidden-tablet elementor-hidden-mobile elementor-widget elementor-widget-gva-location\" data-id=\"39274e29\" data-element_type=\"widget\" data-e-type=\"widget\" data-widget_type=\"gva-location.default\">\n\t\t\t\t<div class=\"elementor-widget-container\">\n\t\t\t\t\t<div class=\"gva-element-gva-location gva-element\">\r\n<div class=\"location__single active\">\r\n\t<div class=\"location__wrap\">\r\n\t\t<h3 class=\"location__title\">Leguz Corporation<\/h3>\r\n\t\t<div class=\"location__content\">\r\n\t\t\t<div class=\"location__desc\">V\u00eda a la costa, Km.  9.8, ET 1X- MZ. 3588 -SL01, Guayas, Guayaquil, Chong\u00f3n.<\/div><div class=\"location__contact-item\"><div class=\"location__contact-icon\"><i aria-hidden=\"true\" class=\"cicon-email-1\"><\/i><\/div><h3 class=\"location__contact-title\">Correo: info@leguzcorp.com<\/h3><\/div>\t\t<\/div>\t\r\n\t<\/div>   \r\n<\/div>\r\n<\/div>\t\t\t\t<\/div>\n\t\t\t\t<\/div>\n\t\t\t\t<\/div>\n\t\t<div class=\"elementor-element elementor-element-7259323f e-con-full elementor-hidden-tablet elementor-hidden-mobile e-flex e-con e-child\" data-id=\"7259323f\" data-element_type=\"container\" data-e-type=\"container\">\n\t\t\t\t<\/div>\n\t\t<div class=\"elementor-element elementor-element-6b48328b e-con-full elementor-hidden-tablet elementor-hidden-mobile e-flex e-con e-child\" data-id=\"6b48328b\" data-element_type=\"container\" data-e-type=\"container\">\n\t\t\t\t<\/div>\n\t\t\t\t\t<\/div>\n\t\t\t\t<\/div>\n\t\t<div class=\"elementor-element elementor-element-70448f21 e-con-full e-flex e-con e-parent\" data-id=\"70448f21\" data-element_type=\"container\" data-e-type=\"container\">\n\t\t<div class=\"elementor-element elementor-element-4211fd25 e-con-full e-flex e-con e-child\" data-id=\"4211fd25\" data-element_type=\"container\" data-e-type=\"container\">\n\t\t\t\t<div class=\"elementor-element elementor-element-426acbc6 elementor-widget elementor-widget-google_maps\" data-id=\"426acbc6\" data-element_type=\"widget\" data-e-type=\"widget\" data-widget_type=\"google_maps.default\">\n\t\t\t\t<div class=\"elementor-widget-container\">\n\t\t\t\t\t\t\t<div class=\"elementor-custom-embed\">\n\t\t\t<iframe loading=\"lazy\"\n\t\t\t\t\tsrc=\"https:\/\/maps.google.com\/maps?q=R29M%2BCM4%2C%20Guayaquil&#038;t=m&#038;z=12&#038;output=embed&#038;iwloc=near\"\n\t\t\t\t\ttitle=\"R29M+CM4, Guayaquil\"\n\t\t\t\t\taria-label=\"R29M+CM4, Guayaquil\"\n\t\t\t><\/iframe>\n\t\t<\/div>\n\t\t\t\t\t\t<\/div>\n\t\t\t\t<\/div>\n\t\t\t\t<\/div>\n\t\t\t\t<\/div>\n\t\t\t\t<\/div>","protected":false},"excerpt":{"rendered":"<p>CONT\u00c1CTANOS \u00a0\u00a0 \u00a0 Cont\u00e1ctanos Tel\u00e9fono +593 9 390 90 730 Email info@leguzcorp.com Direcci\u00f3n V\u00eda a la costa, Km. 9.8, ET 1X- MZ. 3588 -SL01, Guayas, Guayaquil, Chong\u00f3n. Leguz Corporation V\u00eda a la costa, Km. 9.8, ET 1X- MZ. 3588 -SL01, Guayas, Guayaquil, Chong\u00f3n. Correo: info@leguzcorp.com<\/p>","protected":false},"author":1,"featured_media":0,"parent":0,"menu_order":0,"comment_status":"closed","ping_status":"closed","template":"","meta":{"footnotes":""},"class_list":["post-663","page","type-page","status-publish","hentry"],"yoast_head":"<!-- This site is optimized with the Yoast SEO plugin v27.4 - https:\/\/yoast.com\/product\/yoast-seo-wordpress\/ -->\n<title>Cont\u00e1ctenos - Leguz Corporation<\/title>\n<meta name=\"description\" content=\"Ponte en contacto con Leguz Corporation. Estamos aqu\u00ed para acompa\u00f1arte con soluciones de consultor\u00eda, formaci\u00f3n y tecnolog\u00eda con prop\u00f3sito. Escr\u00edbenos hoy.\" \/>\n<meta name=\"robots\" content=\"index, follow, max-snippet:-1, max-image-preview:large, max-video-preview:-1\" \/>\n<link rel=\"canonical\" href=\"https:\/\/leguzmentoring.com\/en\/contactenos\/\" \/>\n<meta property=\"og:locale\" content=\"en_US\" \/>\n<meta property=\"og:type\" content=\"article\" \/>\n<meta property=\"og:title\" content=\"Cont\u00e1ctenos - Leguz Corporation\" \/>\n<meta property=\"og:description\" content=\"Ponte en contacto con Leguz Corporation. Estamos aqu\u00ed para acompa\u00f1arte con soluciones de consultor\u00eda, formaci\u00f3n y tecnolog\u00eda con prop\u00f3sito. Escr\u00edbenos hoy.\" \/>\n<meta property=\"og:url\" content=\"https:\/\/leguzmentoring.com\/en\/contactenos\/\" \/>\n<meta property=\"og:site_name\" content=\"Leguz Corporation\" \/>\n<meta property=\"article:modified_time\" content=\"2025-12-09T16:58:33+00:00\" \/>\n<meta property=\"og:image\" content=\"https:\/\/leguzmentoring.com\/wp-content\/uploads\/2025\/10\/LOGO-5.png\" \/>\n<meta name=\"twitter:card\" content=\"summary_large_image\" \/>\n<meta name=\"twitter:label1\" content=\"Est. reading time\" \/>\n\t<meta name=\"twitter:data1\" content=\"2 minutes\" \/>\n<script type=\"application\/ld+json\" class=\"yoast-schema-graph\">{\"@context\":\"https:\\\/\\\/schema.org\",\"@graph\":[{\"@type\":\"WebPage\",\"@id\":\"https:\\\/\\\/leguzmentoring.com\\\/contactenos\\\/\",\"url\":\"https:\\\/\\\/leguzmentoring.com\\\/contactenos\\\/\",\"name\":\"Cont\u00e1ctenos - Leguz Corporation\",\"isPartOf\":{\"@id\":\"https:\\\/\\\/leguzmentoring.com\\\/#website\"},\"primaryImageOfPage\":{\"@id\":\"https:\\\/\\\/leguzmentoring.com\\\/contactenos\\\/#primaryimage\"},\"image\":{\"@id\":\"https:\\\/\\\/leguzmentoring.com\\\/contactenos\\\/#primaryimage\"},\"thumbnailUrl\":\"https:\\\/\\\/leguzmentoring.com\\\/wp-content\\\/uploads\\\/2025\\\/10\\\/LOGO-5.png\",\"datePublished\":\"2024-05-24T02:17:10+00:00\",\"dateModified\":\"2025-12-09T16:58:33+00:00\",\"description\":\"Ponte en contacto con Leguz Corporation. Estamos aqu\u00ed para acompa\u00f1arte con soluciones de consultor\u00eda, formaci\u00f3n y tecnolog\u00eda con prop\u00f3sito. Escr\u00edbenos hoy.\",\"breadcrumb\":{\"@id\":\"https:\\\/\\\/leguzmentoring.com\\\/contactenos\\\/#breadcrumb\"},\"inLanguage\":\"en-US\",\"potentialAction\":[{\"@type\":\"ReadAction\",\"target\":[\"https:\\\/\\\/leguzmentoring.com\\\/contactenos\\\/\"]}]},{\"@type\":\"ImageObject\",\"inLanguage\":\"en-US\",\"@id\":\"https:\\\/\\\/leguzmentoring.com\\\/contactenos\\\/#primaryimage\",\"url\":\"https:\\\/\\\/leguzmentoring.com\\\/wp-content\\\/uploads\\\/2025\\\/10\\\/LOGO-5.png\",\"contentUrl\":\"https:\\\/\\\/leguzmentoring.com\\\/wp-content\\\/uploads\\\/2025\\\/10\\\/LOGO-5.png\"},{\"@type\":\"BreadcrumbList\",\"@id\":\"https:\\\/\\\/leguzmentoring.com\\\/contactenos\\\/#breadcrumb\",\"itemListElement\":[{\"@type\":\"ListItem\",\"position\":1,\"name\":\"Portada\",\"item\":\"https:\\\/\\\/leguzmentoring.com\\\/\"},{\"@type\":\"ListItem\",\"position\":2,\"name\":\"Cont\u00e1ctenos\"}]},{\"@type\":\"WebSite\",\"@id\":\"https:\\\/\\\/leguzmentoring.com\\\/#website\",\"url\":\"https:\\\/\\\/leguzmentoring.com\\\/\",\"name\":\"Leguz Corporation\",\"description\":\"\",\"publisher\":{\"@id\":\"https:\\\/\\\/leguzmentoring.com\\\/#organization\"},\"potentialAction\":[{\"@type\":\"SearchAction\",\"target\":{\"@type\":\"EntryPoint\",\"urlTemplate\":\"https:\\\/\\\/leguzmentoring.com\\\/?s={search_term_string}\"},\"query-input\":{\"@type\":\"PropertyValueSpecification\",\"valueRequired\":true,\"valueName\":\"search_term_string\"}}],\"inLanguage\":\"en-US\"},{\"@type\":\"Organization\",\"@id\":\"https:\\\/\\\/leguzmentoring.com\\\/#organization\",\"name\":\"Leguz Corporation\",\"url\":\"https:\\\/\\\/leguzmentoring.com\\\/\",\"logo\":{\"@type\":\"ImageObject\",\"inLanguage\":\"en-US\",\"@id\":\"https:\\\/\\\/leguzmentoring.com\\\/#\\\/schema\\\/logo\\\/image\\\/\",\"url\":\"https:\\\/\\\/leguzmentoring.com\\\/wp-content\\\/uploads\\\/2025\\\/07\\\/cropped-ICONO-CIRCULO.png\",\"contentUrl\":\"https:\\\/\\\/leguzmentoring.com\\\/wp-content\\\/uploads\\\/2025\\\/07\\\/cropped-ICONO-CIRCULO.png\",\"width\":512,\"height\":512,\"caption\":\"Leguz Corporation\"},\"image\":{\"@id\":\"https:\\\/\\\/leguzmentoring.com\\\/#\\\/schema\\\/logo\\\/image\\\/\"}}]}<\/script>\n<!-- \/ Yoast SEO plugin. -->","yoast_head_json":{"title":"Cont\u00e1ctenos - Leguz Corporation","description":"Ponte en contacto con Leguz Corporation. Estamos aqu\u00ed para acompa\u00f1arte con soluciones de consultor\u00eda, formaci\u00f3n y tecnolog\u00eda con prop\u00f3sito. Escr\u00edbenos hoy.","robots":{"index":"index","follow":"follow","max-snippet":"max-snippet:-1","max-image-preview":"max-image-preview:large","max-video-preview":"max-video-preview:-1"},"canonical":"https:\/\/leguzmentoring.com\/en\/contactenos\/","og_locale":"en_US","og_type":"article","og_title":"Cont\u00e1ctenos - Leguz Corporation","og_description":"Ponte en contacto con Leguz Corporation. Estamos aqu\u00ed para acompa\u00f1arte con soluciones de consultor\u00eda, formaci\u00f3n y tecnolog\u00eda con prop\u00f3sito. Escr\u00edbenos hoy.","og_url":"https:\/\/leguzmentoring.com\/en\/contactenos\/","og_site_name":"Leguz Corporation","article_modified_time":"2025-12-09T16:58:33+00:00","og_image":[{"url":"https:\/\/leguzmentoring.com\/wp-content\/uploads\/2025\/10\/LOGO-5.png","type":"","width":"","height":""}],"twitter_card":"summary_large_image","twitter_misc":{"Est. reading time":"2 minutes"},"schema":{"@context":"https:\/\/schema.org","@graph":[{"@type":"WebPage","@id":"https:\/\/leguzmentoring.com\/contactenos\/","url":"https:\/\/leguzmentoring.com\/contactenos\/","name":"Cont\u00e1ctenos - Leguz Corporation","isPartOf":{"@id":"https:\/\/leguzmentoring.com\/#website"},"primaryImageOfPage":{"@id":"https:\/\/leguzmentoring.com\/contactenos\/#primaryimage"},"image":{"@id":"https:\/\/leguzmentoring.com\/contactenos\/#primaryimage"},"thumbnailUrl":"https:\/\/leguzmentoring.com\/wp-content\/uploads\/2025\/10\/LOGO-5.png","datePublished":"2024-05-24T02:17:10+00:00","dateModified":"2025-12-09T16:58:33+00:00","description":"Ponte en contacto con Leguz Corporation. Estamos aqu\u00ed para acompa\u00f1arte con soluciones de consultor\u00eda, formaci\u00f3n y tecnolog\u00eda con prop\u00f3sito. Escr\u00edbenos hoy.","breadcrumb":{"@id":"https:\/\/leguzmentoring.com\/contactenos\/#breadcrumb"},"inLanguage":"en-US","potentialAction":[{"@type":"ReadAction","target":["https:\/\/leguzmentoring.com\/contactenos\/"]}]},{"@type":"ImageObject","inLanguage":"en-US","@id":"https:\/\/leguzmentoring.com\/contactenos\/#primaryimage","url":"https:\/\/leguzmentoring.com\/wp-content\/uploads\/2025\/10\/LOGO-5.png","contentUrl":"https:\/\/leguzmentoring.com\/wp-content\/uploads\/2025\/10\/LOGO-5.png"},{"@type":"BreadcrumbList","@id":"https:\/\/leguzmentoring.com\/contactenos\/#breadcrumb","itemListElement":[{"@type":"ListItem","position":1,"name":"Portada","item":"https:\/\/leguzmentoring.com\/"},{"@type":"ListItem","position":2,"name":"Cont\u00e1ctenos"}]},{"@type":"WebSite","@id":"https:\/\/leguzmentoring.com\/#website","url":"https:\/\/leguzmentoring.com\/","name":"Leguz Corporation","description":"","publisher":{"@id":"https:\/\/leguzmentoring.com\/#organization"},"potentialAction":[{"@type":"SearchAction","target":{"@type":"EntryPoint","urlTemplate":"https:\/\/leguzmentoring.com\/?s={search_term_string}"},"query-input":{"@type":"PropertyValueSpecification","valueRequired":true,"valueName":"search_term_string"}}],"inLanguage":"en-US"},{"@type":"Organization","@id":"https:\/\/leguzmentoring.com\/#organization","name":"Leguz Corporation","url":"https:\/\/leguzmentoring.com\/","logo":{"@type":"ImageObject","inLanguage":"en-US","@id":"https:\/\/leguzmentoring.com\/#\/schema\/logo\/image\/","url":"https:\/\/leguzmentoring.com\/wp-content\/uploads\/2025\/07\/cropped-ICONO-CIRCULO.png","contentUrl":"https:\/\/leguzmentoring.com\/wp-content\/uploads\/2025\/07\/cropped-ICONO-CIRCULO.png","width":512,"height":512,"caption":"Leguz Corporation"},"image":{"@id":"https:\/\/leguzmentoring.com\/#\/schema\/logo\/image\/"}}]}},"_links":{"self":[{"href":"https:\/\/leguzmentoring.com\/en\/wp-json\/wp\/v2\/pages\/663","targetHints":{"allow":["GET"]}}],"collection":[{"href":"https:\/\/leguzmentoring.com\/en\/wp-json\/wp\/v2\/pages"}],"about":[{"href":"https:\/\/leguzmentoring.com\/en\/wp-json\/wp\/v2\/types\/page"}],"author":[{"embeddable":true,"href":"https:\/\/leguzmentoring.com\/en\/wp-json\/wp\/v2\/users\/1"}],"replies":[{"embeddable":true,"href":"https:\/\/leguzmentoring.com\/en\/wp-json\/wp\/v2\/comments?post=663"}],"version-history":[{"count":0,"href":"https:\/\/leguzmentoring.com\/en\/wp-json\/wp\/v2\/pages\/663\/revisions"}],"wp:attachment":[{"href":"https:\/\/leguzmentoring.com\/en\/wp-json\/wp\/v2\/media?parent=663"}],"curies":[{"name":"wp","href":"https:\/\/api.w.org\/{rel}","templated":true}]}}