{"id":11434,"date":"2026-03-09T18:18:54","date_gmt":"2026-03-09T23:18:54","guid":{"rendered":"https:\/\/leguzmentoring.com\/?page_id=11434"},"modified":"2026-03-10T12:30:02","modified_gmt":"2026-03-10T17:30:02","slug":"contactenos-leguz-os","status":"publish","type":"page","link":"https:\/\/leguzmentoring.com\/en\/contactenos-leguz-os\/","title":{"rendered":"Cont\u00e1ctenos &#8211; Leguz OS"},"content":{"rendered":"<div data-elementor-type=\"wp-page\" data-elementor-id=\"11434\" class=\"elementor elementor-11434\" data-elementor-post-type=\"page\">\n\t\t\t\t<div class=\"elementor-element elementor-element-1a37d72 e-con-full e-flex e-con e-parent\" data-id=\"1a37d72\" data-element_type=\"container\" data-e-type=\"container\" data-settings=\"{&quot;background_background&quot;:&quot;classic&quot;}\">\n\t\t<div class=\"elementor-element elementor-element-8bd681e e-con-full e-flex e-con e-child\" data-id=\"8bd681e\" data-element_type=\"container\" data-e-type=\"container\">\n\t\t\t\t<div class=\"elementor-element elementor-element-8a22d83 elementor-widget elementor-widget-gva-heading-block\" data-id=\"8a22d83\" data-element_type=\"widget\" data-e-type=\"widget\" data-widget_type=\"gva-heading-block.default\">\n\t\t\t\t<div class=\"elementor-widget-container\">\n\t\t\t\t\t<div class=\"gva-element-gva-heading-block gva-element\">   <div class=\"align-center style-1 widget gsc-heading box-align-left auto-responsive\">\r\n      <div class=\"content-inner\">\r\n         \r\n                  \r\n           \r\n         \r\n                     <h2 class=\"title\">\r\n               <span>LEGUZ OS<\/span>\r\n            <\/h2>\r\n                  \r\n                     <div class=\"title-desc\">Sistema Operativo de Immplementaci\u00f3n Cultural<\/div>\r\n         \r\n         \r\n      <\/div>\r\n   <\/div>\r\n<\/div>\t\t\t\t<\/div>\n\t\t\t\t<\/div>\n\t\t\t\t<\/div>\n\t\t\t\t<\/div>\n\t\t<div class=\"elementor-element elementor-element-393cdecf e-flex e-con-boxed e-con e-parent\" data-id=\"393cdecf\" data-element_type=\"container\" data-e-type=\"container\" data-settings=\"{&quot;background_background&quot;:&quot;classic&quot;}\">\n\t\t\t\t\t<div class=\"e-con-inner\">\n\t\t<div class=\"elementor-element elementor-element-26b0df65 e-con-full e-flex e-con e-child\" data-id=\"26b0df65\" data-element_type=\"container\" data-e-type=\"container\">\n\t\t\t\t<div class=\"elementor-element elementor-element-1fbf81a animated-fast elementor-invisible elementor-widget elementor-widget-text-editor\" data-id=\"1fbf81a\" data-element_type=\"widget\" data-e-type=\"widget\" data-settings=\"{&quot;_animation&quot;:&quot;fadeInRight&quot;}\" data-widget_type=\"text-editor.default\">\n\t\t\t\t<div class=\"elementor-widget-container\">\n\t\t\t\t\t\t\t\t\t<img decoding=\"async\" class=\"alignleft wp-image-7445 size-full\" src=\"https:\/\/leguzmentoring.com\/wp-content\/uploads\/2025\/10\/LOGO-5.png\" alt=\"Leguz Corporation\" width=\"165\" height=\"60\" srcset=\"https:\/\/leguzmentoring.com\/wp-content\/uploads\/2025\/10\/LOGO-5.png 411w, https:\/\/leguzmentoring.com\/wp-content\/uploads\/2025\/10\/LOGO-5-18x7.png 18w\" sizes=\"(max-width: 165px) 100vw, 165px\" \/>\n<p style=\"text-align: center;\">\n<div class=\"wpcf7 no-js\" id=\"wpcf7-f11436-o1\" lang=\"es-ES\" dir=\"ltr\" data-wpcf7-id=\"11436\">\n<div class=\"screen-reader-response\"><p role=\"status\" aria-live=\"polite\" aria-atomic=\"true\"><\/p> <ul><\/ul><\/div>\n<form action=\"\/en\/wp-json\/wp\/v2\/pages\/11434#wpcf7-f11436-o1\" method=\"post\" class=\"wpcf7-form init\" aria-label=\"Contact form\" novalidate=\"novalidate\" data-status=\"init\" data-trp-original-action=\"\/en\/wp-json\/wp\/v2\/pages\/11434#wpcf7-f11436-o1\">\n<fieldset class=\"hidden-fields-container\"><input type=\"hidden\" name=\"_wpcf7\" value=\"11436\" \/><input type=\"hidden\" name=\"_wpcf7_version\" value=\"6.1.5\" \/><input type=\"hidden\" name=\"_wpcf7_locale\" value=\"es_ES\" \/><input type=\"hidden\" name=\"_wpcf7_unit_tag\" value=\"wpcf7-f11436-o1\" \/><input type=\"hidden\" name=\"_wpcf7_container_post\" value=\"0\" \/><input type=\"hidden\" name=\"_wpcf7_posted_data_hash\" value=\"\" \/><input type=\"hidden\" name=\"_wpcf7_recaptcha_response\" value=\"\" \/>\n<\/fieldset>\n<label> Nombre y apellido\n    <span class=\"wpcf7-form-control-wrap\" data-name=\"your-name\"><input size=\"40\" maxlength=\"400\" class=\"wpcf7-form-control wpcf7-text wpcf7-validates-as-required\" autocomplete=\"name\" aria-required=\"true\" aria-invalid=\"false\" value=\"\" type=\"text\" name=\"your-name\" \/><\/span> <\/label>\n\n<label> Empresa \/ Organizaci\u00f3n\n    <span class=\"wpcf7-form-control-wrap\" data-name=\"text-244\"><input size=\"40\" maxlength=\"400\" class=\"wpcf7-form-control wpcf7-text\" aria-invalid=\"false\" value=\"\" type=\"text\" name=\"text-244\" \/><\/span> <\/label>\n\n<label> Cargo \/ Rol\n    <span class=\"wpcf7-form-control-wrap\" data-name=\"text-545\"><input size=\"40\" maxlength=\"400\" class=\"wpcf7-form-control wpcf7-text\" aria-invalid=\"false\" value=\"\" type=\"text\" name=\"text-545\" \/><\/span> <\/label>\n\n<label> Correo corporativo\n    <span class=\"wpcf7-form-control-wrap\" data-name=\"your-email\"><input size=\"40\" maxlength=\"400\" class=\"wpcf7-form-control wpcf7-email wpcf7-validates-as-required wpcf7-text wpcf7-validates-as-email\" autocomplete=\"email\" aria-required=\"true\" aria-invalid=\"false\" value=\"\" type=\"email\" name=\"your-email\" \/><\/span> <\/label>\n\n<label> Tel\u00e9fono\/whatsapp\n    <span class=\"wpcf7-form-control-wrap\" data-name=\"tel-329\"><input size=\"40\" maxlength=\"400\" class=\"wpcf7-form-control wpcf7-tel wpcf7-validates-as-required wpcf7-text wpcf7-validates-as-tel\" aria-required=\"true\" aria-invalid=\"false\" value=\"\" type=\"tel\" name=\"tel-329\" \/><\/span><\/label>\n\n<label> Mensaje Breve (opcional)\n    <span class=\"wpcf7-form-control-wrap\" data-name=\"your-message\"><textarea cols=\"40\" rows=\"10\" maxlength=\"2000\" class=\"wpcf7-form-control wpcf7-textarea\" aria-invalid=\"false\" name=\"your-message\"><\/textarea><\/span> <\/label>\n\n<span class=\"wpcf7-form-control-wrap\" data-name=\"acceptance-735\"><span class=\"wpcf7-form-control wpcf7-acceptance\"><span class=\"wpcf7-list-item\"><label><input type=\"checkbox\" name=\"acceptance-735\" value=\"1\" aria-invalid=\"false\" \/><span class=\"wpcf7-list-item-label\">Al enviar este formulario, aceptas nuestra <a href=\"https:\/\/leguzmentoring.com\/en\/politica-de-privacidad\/\" target=\"_blank\" rel=\"noopener\">Pol\u00edtica de Privacidad<\/a> y el tratamiento de tus datos personales seg\u00fan la Ley Org\u00e1nica de Protecci\u00f3n de Datos Personales del Ecuador.<\/span><\/label><\/span><\/span><\/span>\n\n<input class=\"wpcf7-form-control wpcf7-submit has-spinner\" type=\"submit\" value=\"Agendar mi Punto de Partida\" \/><div class=\"wpcf7-response-output\" aria-hidden=\"true\"><\/div>\n<input type=\"hidden\" name=\"trp-form-language\" value=\"en\"\/><\/form>\n<\/div>\n<\/p>\t\t\t\t\t\t\t\t<\/div>\n\t\t\t\t<\/div>\n\t\t\t\t<div class=\"elementor-element elementor-element-5eb4e96 elementor-widget-divider--view-line elementor-widget elementor-widget-divider\" data-id=\"5eb4e96\" data-element_type=\"widget\" data-e-type=\"widget\" data-widget_type=\"divider.default\">\n\t\t\t\t<div class=\"elementor-widget-container\">\n\t\t\t\t\t\t\t<div class=\"elementor-divider\">\n\t\t\t<span class=\"elementor-divider-separator\">\n\t\t\t\t\t\t<\/span>\n\t\t<\/div>\n\t\t\t\t\t\t<\/div>\n\t\t\t\t<\/div>\n\t\t\t\t<\/div>\n\t\t\t\t\t<\/div>\n\t\t\t\t<\/div>\n\t\t\t\t<\/div>","protected":false},"excerpt":{"rendered":"<p>LEGUZ OS Sistema Operativo de Immplementaci\u00f3n Cultural<\/p>","protected":false},"author":4,"featured_media":0,"parent":0,"menu_order":0,"comment_status":"closed","ping_status":"closed","template":"","meta":{"footnotes":""},"class_list":["post-11434","page","type-page","status-publish","hentry"],"yoast_head":"<!-- This site is optimized with the Yoast SEO plugin v27.4 - https:\/\/yoast.com\/product\/yoast-seo-wordpress\/ -->\n<title>Cont\u00e1ctenos - Leguz OS - Leguz Corporation<\/title>\n<meta name=\"description\" content=\"Ponte en contacto con Leguz Corporation. Estamos aqu\u00ed para acompa\u00f1arte con soluciones de consultor\u00eda, formaci\u00f3n y tecnolog\u00eda con prop\u00f3sito. Escr\u00edbenos hoy.\" \/>\n<meta name=\"robots\" content=\"index, follow, max-snippet:-1, max-image-preview:large, max-video-preview:-1\" \/>\n<link rel=\"canonical\" href=\"https:\/\/leguzmentoring.com\/en\/contactenos-leguz-os\/\" \/>\n<meta property=\"og:locale\" content=\"en_US\" \/>\n<meta property=\"og:type\" content=\"article\" \/>\n<meta property=\"og:title\" content=\"Cont\u00e1ctenos - Leguz OS - Leguz Corporation\" \/>\n<meta property=\"og:description\" content=\"Ponte en contacto con Leguz Corporation. Estamos aqu\u00ed para acompa\u00f1arte con soluciones de consultor\u00eda, formaci\u00f3n y tecnolog\u00eda con prop\u00f3sito. Escr\u00edbenos hoy.\" \/>\n<meta property=\"og:url\" content=\"https:\/\/leguzmentoring.com\/en\/contactenos-leguz-os\/\" \/>\n<meta property=\"og:site_name\" content=\"Leguz Corporation\" \/>\n<meta property=\"article:modified_time\" content=\"2026-03-10T17:30:02+00:00\" \/>\n<meta property=\"og:image\" content=\"https:\/\/leguzmentoring.com\/wp-content\/uploads\/2025\/10\/LOGO-5.png\" \/>\n\t<meta property=\"og:image:width\" content=\"411\" \/>\n\t<meta property=\"og:image:height\" content=\"150\" \/>\n\t<meta property=\"og:image:type\" content=\"image\/png\" \/>\n<meta name=\"twitter:card\" content=\"summary_large_image\" \/>\n<meta name=\"twitter:label1\" content=\"Est. reading time\" \/>\n\t<meta name=\"twitter:data1\" content=\"1 minute\" \/>\n<script type=\"application\/ld+json\" class=\"yoast-schema-graph\">{\"@context\":\"https:\\\/\\\/schema.org\",\"@graph\":[{\"@type\":\"WebPage\",\"@id\":\"https:\\\/\\\/leguzmentoring.com\\\/contactenos-leguz-os\\\/\",\"url\":\"https:\\\/\\\/leguzmentoring.com\\\/contactenos-leguz-os\\\/\",\"name\":\"Cont\u00e1ctenos - Leguz OS - Leguz Corporation\",\"isPartOf\":{\"@id\":\"https:\\\/\\\/leguzmentoring.com\\\/#website\"},\"primaryImageOfPage\":{\"@id\":\"https:\\\/\\\/leguzmentoring.com\\\/contactenos-leguz-os\\\/#primaryimage\"},\"image\":{\"@id\":\"https:\\\/\\\/leguzmentoring.com\\\/contactenos-leguz-os\\\/#primaryimage\"},\"thumbnailUrl\":\"https:\\\/\\\/leguzmentoring.com\\\/wp-content\\\/uploads\\\/2025\\\/10\\\/LOGO-5.png\",\"datePublished\":\"2026-03-09T23:18:54+00:00\",\"dateModified\":\"2026-03-10T17:30:02+00:00\",\"description\":\"Ponte en contacto con Leguz Corporation. Estamos aqu\u00ed para acompa\u00f1arte con soluciones de consultor\u00eda, formaci\u00f3n y tecnolog\u00eda con prop\u00f3sito. Escr\u00edbenos hoy.\",\"breadcrumb\":{\"@id\":\"https:\\\/\\\/leguzmentoring.com\\\/contactenos-leguz-os\\\/#breadcrumb\"},\"inLanguage\":\"en-US\",\"potentialAction\":[{\"@type\":\"ReadAction\",\"target\":[\"https:\\\/\\\/leguzmentoring.com\\\/contactenos-leguz-os\\\/\"]}]},{\"@type\":\"ImageObject\",\"inLanguage\":\"en-US\",\"@id\":\"https:\\\/\\\/leguzmentoring.com\\\/contactenos-leguz-os\\\/#primaryimage\",\"url\":\"https:\\\/\\\/leguzmentoring.com\\\/wp-content\\\/uploads\\\/2025\\\/10\\\/LOGO-5.png\",\"contentUrl\":\"https:\\\/\\\/leguzmentoring.com\\\/wp-content\\\/uploads\\\/2025\\\/10\\\/LOGO-5.png\"},{\"@type\":\"BreadcrumbList\",\"@id\":\"https:\\\/\\\/leguzmentoring.com\\\/contactenos-leguz-os\\\/#breadcrumb\",\"itemListElement\":[{\"@type\":\"ListItem\",\"position\":1,\"name\":\"Portada\",\"item\":\"https:\\\/\\\/leguzmentoring.com\\\/\"},{\"@type\":\"ListItem\",\"position\":2,\"name\":\"Cont\u00e1ctenos &#8211; Leguz OS\"}]},{\"@type\":\"WebSite\",\"@id\":\"https:\\\/\\\/leguzmentoring.com\\\/#website\",\"url\":\"https:\\\/\\\/leguzmentoring.com\\\/\",\"name\":\"Leguz Corporation\",\"description\":\"\",\"publisher\":{\"@id\":\"https:\\\/\\\/leguzmentoring.com\\\/#organization\"},\"potentialAction\":[{\"@type\":\"SearchAction\",\"target\":{\"@type\":\"EntryPoint\",\"urlTemplate\":\"https:\\\/\\\/leguzmentoring.com\\\/?s={search_term_string}\"},\"query-input\":{\"@type\":\"PropertyValueSpecification\",\"valueRequired\":true,\"valueName\":\"search_term_string\"}}],\"inLanguage\":\"en-US\"},{\"@type\":\"Organization\",\"@id\":\"https:\\\/\\\/leguzmentoring.com\\\/#organization\",\"name\":\"Leguz Corporation\",\"url\":\"https:\\\/\\\/leguzmentoring.com\\\/\",\"logo\":{\"@type\":\"ImageObject\",\"inLanguage\":\"en-US\",\"@id\":\"https:\\\/\\\/leguzmentoring.com\\\/#\\\/schema\\\/logo\\\/image\\\/\",\"url\":\"https:\\\/\\\/leguzmentoring.com\\\/wp-content\\\/uploads\\\/2025\\\/07\\\/cropped-ICONO-CIRCULO.png\",\"contentUrl\":\"https:\\\/\\\/leguzmentoring.com\\\/wp-content\\\/uploads\\\/2025\\\/07\\\/cropped-ICONO-CIRCULO.png\",\"width\":512,\"height\":512,\"caption\":\"Leguz Corporation\"},\"image\":{\"@id\":\"https:\\\/\\\/leguzmentoring.com\\\/#\\\/schema\\\/logo\\\/image\\\/\"}}]}<\/script>\n<!-- \/ Yoast SEO plugin. -->","yoast_head_json":{"title":"Cont\u00e1ctenos - Leguz OS - Leguz Corporation","description":"Ponte en contacto con Leguz Corporation. Estamos aqu\u00ed para acompa\u00f1arte con soluciones de consultor\u00eda, formaci\u00f3n y tecnolog\u00eda con prop\u00f3sito. Escr\u00edbenos hoy.","robots":{"index":"index","follow":"follow","max-snippet":"max-snippet:-1","max-image-preview":"max-image-preview:large","max-video-preview":"max-video-preview:-1"},"canonical":"https:\/\/leguzmentoring.com\/en\/contactenos-leguz-os\/","og_locale":"en_US","og_type":"article","og_title":"Cont\u00e1ctenos - Leguz OS - Leguz Corporation","og_description":"Ponte en contacto con Leguz Corporation. Estamos aqu\u00ed para acompa\u00f1arte con soluciones de consultor\u00eda, formaci\u00f3n y tecnolog\u00eda con prop\u00f3sito. Escr\u00edbenos hoy.","og_url":"https:\/\/leguzmentoring.com\/en\/contactenos-leguz-os\/","og_site_name":"Leguz Corporation","article_modified_time":"2026-03-10T17:30:02+00:00","og_image":[{"width":411,"height":150,"url":"https:\/\/leguzmentoring.com\/wp-content\/uploads\/2025\/10\/LOGO-5.png","type":"image\/png"}],"twitter_card":"summary_large_image","twitter_misc":{"Est. reading time":"1 minute"},"schema":{"@context":"https:\/\/schema.org","@graph":[{"@type":"WebPage","@id":"https:\/\/leguzmentoring.com\/contactenos-leguz-os\/","url":"https:\/\/leguzmentoring.com\/contactenos-leguz-os\/","name":"Cont\u00e1ctenos - Leguz OS - Leguz Corporation","isPartOf":{"@id":"https:\/\/leguzmentoring.com\/#website"},"primaryImageOfPage":{"@id":"https:\/\/leguzmentoring.com\/contactenos-leguz-os\/#primaryimage"},"image":{"@id":"https:\/\/leguzmentoring.com\/contactenos-leguz-os\/#primaryimage"},"thumbnailUrl":"https:\/\/leguzmentoring.com\/wp-content\/uploads\/2025\/10\/LOGO-5.png","datePublished":"2026-03-09T23:18:54+00:00","dateModified":"2026-03-10T17:30:02+00:00","description":"Ponte en contacto con Leguz Corporation. Estamos aqu\u00ed para acompa\u00f1arte con soluciones de consultor\u00eda, formaci\u00f3n y tecnolog\u00eda con prop\u00f3sito. Escr\u00edbenos hoy.","breadcrumb":{"@id":"https:\/\/leguzmentoring.com\/contactenos-leguz-os\/#breadcrumb"},"inLanguage":"en-US","potentialAction":[{"@type":"ReadAction","target":["https:\/\/leguzmentoring.com\/contactenos-leguz-os\/"]}]},{"@type":"ImageObject","inLanguage":"en-US","@id":"https:\/\/leguzmentoring.com\/contactenos-leguz-os\/#primaryimage","url":"https:\/\/leguzmentoring.com\/wp-content\/uploads\/2025\/10\/LOGO-5.png","contentUrl":"https:\/\/leguzmentoring.com\/wp-content\/uploads\/2025\/10\/LOGO-5.png"},{"@type":"BreadcrumbList","@id":"https:\/\/leguzmentoring.com\/contactenos-leguz-os\/#breadcrumb","itemListElement":[{"@type":"ListItem","position":1,"name":"Portada","item":"https:\/\/leguzmentoring.com\/"},{"@type":"ListItem","position":2,"name":"Cont\u00e1ctenos &#8211; Leguz OS"}]},{"@type":"WebSite","@id":"https:\/\/leguzmentoring.com\/#website","url":"https:\/\/leguzmentoring.com\/","name":"Leguz Corporation","description":"","publisher":{"@id":"https:\/\/leguzmentoring.com\/#organization"},"potentialAction":[{"@type":"SearchAction","target":{"@type":"EntryPoint","urlTemplate":"https:\/\/leguzmentoring.com\/?s={search_term_string}"},"query-input":{"@type":"PropertyValueSpecification","valueRequired":true,"valueName":"search_term_string"}}],"inLanguage":"en-US"},{"@type":"Organization","@id":"https:\/\/leguzmentoring.com\/#organization","name":"Leguz Corporation","url":"https:\/\/leguzmentoring.com\/","logo":{"@type":"ImageObject","inLanguage":"en-US","@id":"https:\/\/leguzmentoring.com\/#\/schema\/logo\/image\/","url":"https:\/\/leguzmentoring.com\/wp-content\/uploads\/2025\/07\/cropped-ICONO-CIRCULO.png","contentUrl":"https:\/\/leguzmentoring.com\/wp-content\/uploads\/2025\/07\/cropped-ICONO-CIRCULO.png","width":512,"height":512,"caption":"Leguz Corporation"},"image":{"@id":"https:\/\/leguzmentoring.com\/#\/schema\/logo\/image\/"}}]}},"_links":{"self":[{"href":"https:\/\/leguzmentoring.com\/en\/wp-json\/wp\/v2\/pages\/11434","targetHints":{"allow":["GET"]}}],"collection":[{"href":"https:\/\/leguzmentoring.com\/en\/wp-json\/wp\/v2\/pages"}],"about":[{"href":"https:\/\/leguzmentoring.com\/en\/wp-json\/wp\/v2\/types\/page"}],"author":[{"embeddable":true,"href":"https:\/\/leguzmentoring.com\/en\/wp-json\/wp\/v2\/users\/4"}],"replies":[{"embeddable":true,"href":"https:\/\/leguzmentoring.com\/en\/wp-json\/wp\/v2\/comments?post=11434"}],"version-history":[{"count":0,"href":"https:\/\/leguzmentoring.com\/en\/wp-json\/wp\/v2\/pages\/11434\/revisions"}],"wp:attachment":[{"href":"https:\/\/leguzmentoring.com\/en\/wp-json\/wp\/v2\/media?parent=11434"}],"curies":[{"name":"wp","href":"https:\/\/api.w.org\/{rel}","templated":true}]}}